{"id":2189,"date":"2023-04-14T20:25:13","date_gmt":"2023-04-14T18:25:13","guid":{"rendered":"https:\/\/studio.mazumazu.pl\/?page_id=2189"},"modified":"2023-04-19T13:54:27","modified_gmt":"2023-04-19T11:54:27","slug":"cv","status":"publish","type":"page","link":"https:\/\/studio.mazumazu.pl\/?page_id=2189","title":{"rendered":"Zobacz CV"},"content":{"rendered":"\n<p class=\"has-large-font-size\">Andrzej G\u00f3recki &#8211; Senior Art Director<\/p>\n\n\n\n<p>tel.: 602 285 619<br>e-mail: ag.mazumazu@gmail.com<\/p>\n\n\n\n<div class=\"wp-block-buttons is-layout-flex wp-block-buttons-is-layout-flex\">\n<div class=\"wp-block-button has-custom-width wp-block-button__width-50\"><a class=\"wp-block-button__link has-luminous-vivid-orange-background-color has-background wp-element-button\" href=\"https:\/\/studio.mazumazu.pl\/wp-content\/uploads\/CV_Andrzej_Gorecki.pdf\" target=\"_blank\" rel=\"noreferrer noopener\">pobierz CV<\/a><\/div>\n<\/div>\n\n\n\n<p><\/p>\n\n\n\n<p>Do\u015bwiadczony grafik i projektant form przestrzennych, kt\u00f3ry w trakcie wieloletniej pracy doskonali\u0142 swoje umiej\u0119tno\u015bci na polu BTL, ATL, POSM oraz w projektowaniu opakowa\u0144. Obecnie rozwijam si\u0119 w modelowaniu 3D, projektowaniu UI oraz monta\u017cu video. Na potrzeby swojej motoryzacyjnej pasji prowadz\u0119 sklep internetowy mazumazu.pl gdzie oferuje narysowane przez siebie T-shirty. Otwarty na wyzwania, zmotywowany do zdobywania nowych umiej\u0119tno\u015bci, obowi\u0105zkowy i odpowiedzialny.<br><\/p>\n\n\n\n<p><strong>Historia zatrudnienia<\/strong><\/p>\n\n\n\n<p>freelancer od grudnia 2022<\/p>\n\n\n\n<p><\/p>\n\n\n\n<p class=\"has-luminous-vivid-orange-color has-text-color\"><strong>Grafik &#8211; Cobalt Spark<\/strong> &#8211; wrzesie\u0144 2021 &#8211; listopad 2022<\/p>\n\n\n\n<p>Projektowanie graficzne opakowa\u0144 dla Auchan, Biedronka.<\/p>\n\n\n\n<p><\/p>\n\n\n\n<p class=\"has-luminous-vivid-orange-color has-text-color\"><strong>Senior Art Director &#8211; ALTAVIA Polska<\/strong> &#8211; pa\u017adziernik 2012 &#8211; sierpie\u0144 2020<\/p>\n\n\n\n<p>Kierownik dzia\u0142u kreacji zarz\u0105dzaj\u0105cy prac\u0105 3 os\u00f3b, realizuj\u0105cy projekty graficzne, przestrzenne i opakowania dla takich klient\u00f3w: Carrefour, Shell, Michelin, Mondelez, Kompania Piwowarska, CEDG &#8211; Tullamore, Henkel, Decathlon.<\/p>\n\n\n\n<p><\/p>\n\n\n\n<p class=\"has-luminous-vivid-orange-color has-text-color\"><strong>Art Director &#8211; Upstairs Young &amp; Rubicam<\/strong>\u00a0 &#8211; kwiecie\u0144 2000 &#8211; czerwiec 2006<\/p>\n\n\n\n<p>W teamie z copywriterem tworzenie kampanii ATL dla du\u017cych klient\u00f3w. Praca z briefem i strategi\u0105, realizacja z powodzeniem cel\u00f3w marketingowychtakich klient\u00f3w jak: Idea Optima, TVN, Milka, Grupa \u017bywiec &#8211; Warka, Danone, Citibank.<\/p>\n\n\n\n<p><\/p>\n\n\n\n<p class=\"has-luminous-vivid-orange-color has-text-color\"><strong>Art Director &#8211; Marcom<\/strong>\u00a0 &#8211; wrzesie\u0144 1995 &#8211; kwiecie\u0144 1999<\/p>\n\n\n\n<p>Projektowanie graficzne kampanii BTL oraz ATL dla Panasonic, Schwan Stabilo, Velux. Nominacja \u201cZ\u0142ote Or\u0142y\u201d za kampanie dla Schwan Stabilo \u201eNasz \u015bwiat rysuje si\u0119 inaczej\u201d.<\/p>\n\n\n\n<p><\/p>\n\n\n\n<p>Wykszta\u0142cenie<\/p>\n\n\n\n<p class=\"has-luminous-vivid-orange-color has-text-color\"><strong>Akademia Sztuk Pi\u0119knych w Warszawie<\/strong><\/p>\n\n\n\n<p class=\"has-luminous-vivid-orange-color has-text-color\"><strong>Wydzia\u0142 Wzornictwa Przemys\u0142owego<\/strong> &#8211; wrzesie\u0144 1991 &#8211; wrzesie\u0144 1996<\/p>\n\n\n\n<p>Dyplom uzyskany pod kierunkiem prof. Cezarego Nawrota, znanego polskiego projektanta mi.in. samochodu Syrenka Sport. Wraz z nim uczestniczy\u0142em w projekcie Poloneza Kombi w skali 1:1. Projektowanie graficzne i przestrzenne jest moj\u0105 najwi\u0119ksz\u0105 pasj\u0105. Dodatkowo uko\u0144czona Pracownia Projektowania Opakowa\u0144 u prof. Henryka Chyli\u0144skiego oraz Pracownia Projektowania Reklamy pod okiem prof. Paw\u0142a Kowalewskiego.<\/p>\n\n\n\n<p class=\"has-luminous-vivid-orange-color has-text-color\"><strong>Umiej\u0119tno\u015bci<\/strong><\/p>\n\n\n\n<p>Adobe Photoshop, Adobe Ilustrator, Adobe In Design, Blender 30%, Adobe After Effect 10%, Adobe XD 30%, WordPress 40%.<\/p>\n\n\n\n<p><\/p>\n\n\n\n<p>podstawy j. angielskiego<\/p>\n\n\n\n<p>Zainteresowania<\/p>\n\n\n\n<p>Klasyczna motoryzacja<\/p>\n\n\n\n<p>Grafika \/ Sztuka \/ Design<\/p>\n\n\n\n<p><\/p>\n\n\n\n<p class=\"has-small-font-size\">Wyra\u017cam zgod\u0119 na przetwarzanie podanych przeze mnie danych osobowych w celu przeprowadzenia i rozstrzygni\u0119cia procesu rekrutacji, oraz przechowywania dokument\u00f3w aplikacyjnych w okresie obecnej oraz dla potrzeb przysz\u0142ych prowadzonych rekrutacji zgodnie z ustaw\u0105 z dnia 10 maja 2018 roku o ochronie danych osobowych (Dz. Ustaw z 2018, poz. 1000) oraz zgodnie z Rozporz\u0105dzeniem Parlamentu Europejskiego i Rady (UE) 2016\/679 z dnia 27 kwietnia 2016 r. w sprawie ochrony os\u00f3b fizycznych w zwi\u0105zku z przetwarzaniem danych osobowych i w sprawie swobodnego przep\u0142ywu takich danych oraz uchylenia dyrektywy 95\/46\/WE (RODO).<\/p>\n\n\n\n<p><\/p>\n","protected":false},"excerpt":{"rendered":"<p>Andrzej G\u00f3recki &#8211; Senior Art Director tel.: 602 285 619e-mail: ag.mazumazu@gmail.com Do\u015bwiadczony grafik i projektant form przestrzennych, kt\u00f3ry w trakcie wieloletniej pracy doskonali\u0142 swoje umiej\u0119tno\u015bci&hellip; <\/p>\n","protected":false},"author":1,"featured_media":0,"parent":0,"menu_order":0,"comment_status":"closed","ping_status":"closed","template":"","meta":{"footnotes":""},"class_list":["post-2189","page","type-page","status-publish","hentry"],"_links":{"self":[{"href":"https:\/\/studio.mazumazu.pl\/index.php?rest_route=\/wp\/v2\/pages\/2189","targetHints":{"allow":["GET"]}}],"collection":[{"href":"https:\/\/studio.mazumazu.pl\/index.php?rest_route=\/wp\/v2\/pages"}],"about":[{"href":"https:\/\/studio.mazumazu.pl\/index.php?rest_route=\/wp\/v2\/types\/page"}],"author":[{"embeddable":true,"href":"https:\/\/studio.mazumazu.pl\/index.php?rest_route=\/wp\/v2\/users\/1"}],"replies":[{"embeddable":true,"href":"https:\/\/studio.mazumazu.pl\/index.php?rest_route=%2Fwp%2Fv2%2Fcomments&post=2189"}],"version-history":[{"count":9,"href":"https:\/\/studio.mazumazu.pl\/index.php?rest_route=\/wp\/v2\/pages\/2189\/revisions"}],"predecessor-version":[{"id":2225,"href":"https:\/\/studio.mazumazu.pl\/index.php?rest_route=\/wp\/v2\/pages\/2189\/revisions\/2225"}],"wp:attachment":[{"href":"https:\/\/studio.mazumazu.pl\/index.php?rest_route=%2Fwp%2Fv2%2Fmedia&parent=2189"}],"curies":[{"name":"wp","href":"https:\/\/api.w.org\/{rel}","templated":true}]}}